{"id":142,"date":"2017-04-03T20:03:20","date_gmt":"2017-04-03T20:03:20","guid":{"rendered":"http:\/\/multisite.latahosting.com\/ordervgco\/sports-portraits-inc\/"},"modified":"2017-06-03T03:34:55","modified_gmt":"2017-06-03T03:34:55","slug":"sports-portraits-inc","status":"publish","type":"page","link":"https:\/\/ordervgco.com\/es\/","title":{"rendered":"Casa"},"content":{"rendered":"<section class=\"wpb-content-wrapper\"><p>[vc_row full_width=&#8221;stretch_row_content_no_spaces&#8221; css=&#8221;.vc_custom_1496460656201{padding-top: 100px !important;padding-bottom: 100px !important;background-image: url(https:\/\/multisite.latahosting.com\/ordervgco\/wp-content\/uploads\/sites\/18\/2017\/06\/kidstripe.jpg?id=200) !important;background-position: center !important;background-repeat: no-repeat !important;background-size: cover !important;}&#8221;][vc_column css_animation=&#8221;none&#8221; css=&#8221;.vc_custom_1491274499556{margin: 0px !important;border-width: 0px !important;padding: 0px !important;}&#8221;]<div  class=\"neko-vc_page-header neko-vc_page-header-align-left   vc_custom_1496460636307   neko-vc_page-header-title-default\"><div class=\"container\"><div class=\"row\"><div class=\"col-md-12\"> <\/div><\/div><\/div><\/div>[\/vc_column][\/vc_row][vc_row full_width=&#8221;stretch_row_content_no_spaces&#8221; css=&#8221;.vc_custom_1491875150934{margin-top: 0px !important;margin-right: 0px !important;margin-bottom: 0px !important;margin-left: 0px !important;border-top-width: 0px !important;border-right-width: 0px !important;border-bottom-width: 0px !important;border-left-width: 0px !important;padding-top: 0px !important;padding-right: 0px !important;padding-bottom: 0px !important;padding-left: 0px !important;background-color: #ffffff !important;}&#8221;][vc_column css=&#8221;.vc_custom_1491850053363{margin: 0px !important;border-width: 0px !important;padding: 0px !important;}&#8221;]<div  class=\"stylish-heading text-center show-neko-icon-off neko-sub-title-under   neko-medium-title  wpb_animate_when_almost_visible wpb_none none   vc_custom_1496460789217\">\n\t\t<h2 class=\" medium-heading\">\n\t\tBIENVENIDO A VAN GOGH SCHOOL PHOTOGRAPHERS<span>Hemos tra\u00eddo sonrisas a miles de estudiantes de la escuela por m\u00e1s de 35 a\u00f1os. \u00bfC\u00f3mo podemos ayudarle a usted ya sus estudiantes?<\/span>\n\t\t<\/h2> \n\t<\/div>[\/vc_column][\/vc_row][vc_row full_width=&#8221;stretch_row_content_no_spaces&#8221; css=&#8221;.vc_custom_1491875079629{margin-top: 0px !important;margin-right: 0px !important;margin-bottom: 0px !important;margin-left: 0px !important;border-top-width: 0px !important;border-right-width: 0px !important;border-bottom-width: 0px !important;border-left-width: 0px !important;padding-top: 0px !important;padding-right: 0px !important;padding-bottom: 0px !important;padding-left: 0px !important;background-color: #ffffff !important;}&#8221;][vc_column css=&#8221;.vc_custom_1491850053363{margin: 0px !important;border-width: 0px !important;padding: 0px !important;}&#8221;]<div  class=\"stylish-heading text-center show-neko-icon-off neko-sub-title-under   neko-small-title  wpb_animate_when_almost_visible wpb_none none   vc_custom_1496200608926\">\n\t\t<h2 class=\" small-heading\">\n\t\tVamos a llegar al lugar correcto!<span>Despl\u00e1cese hacia abajo para realizar un pedido antes del d\u00eda de la fotografia, ver y pedir fotos o descargar su imagen digital.<\/span>\n\t\t<\/h2> \n\t<\/div>[\/vc_column][\/vc_row][vc_row css=&#8221;.vc_custom_1491882744183{padding-top: 40px !important;padding-bottom: 40px !important;background-color: #e8e8e8 !important;}&#8221;][vc_column width=&#8221;1\/3&#8243;]<div  class=\"neko-vc_box-image clearfix   wpb_animate_when_almost_visible wpb_fadeInLeft fadeInLeft neko-vc_box-image-medium neko-vc_box-image-circle  vc_custom_1496460842086\"><div class=\"neko-vc_box-image_wrapper\"><a class=\"neko-vc_box-image-abslink\" href=\"https:\/\/orders.vangoghco.com\/prepay\" title=\"\"  rel=\"nofollow\"><\/a><div class=\"neko-vc_box-image-wrapper medium circle \" style=\"  border-color: transparent;   \" ><img loading=\"lazy\" decoding=\"async\" width=\"120\" height=\"115\" src=\"https:\/\/ordervgco.com\/wp-content\/uploads\/sites\/18\/2017\/04\/formicon.png\" class=\"neko-img-fullwidth\" alt=\"\" \/><\/div><div class=\"neko-vc_box-image-content\"><h3>ANTES DEL DIA DE LA\u00a0FOTOGRAFIA<\/h3>\n<p><em><strong>\u00a1Ponga su orden antes del dia de la foto!<\/strong><\/em><\/p>\n<p>&nbsp;<\/p>\n<p>Para realizar un pedido antes del d\u00eda de la foto, por favor, siga el siguiente enlace.<\/p>\n<p><span style=\"font-size: 9pt; font-family: arial, helvetica, sans-serif;\">(Esta opci\u00f3n s\u00f3lo est\u00e1 disponible antes del d\u00eda de la foto)<\/span><\/p>\n<p>&nbsp;<\/p>\n<p>Ingrese su c\u00f3digo de escuela\u00a0aqu\u00ed<\/p>\n<\/div><\/div><\/div>[\/vc_column][vc_column width=&#8221;1\/3&#8243;]<div  class=\"neko-vc_box-image clearfix   wpb_animate_when_almost_visible wpb_fadeInUp fadeInUp neko-vc_box-image-medium neko-vc_box-image-circle  vc_custom_1496460866922\"><div class=\"neko-vc_box-image_wrapper\"><a class=\"neko-vc_box-image-abslink\" href=\"https:\/\/orders.vangoghco.com\/\" title=\"\"  rel=\"nofollow\"><\/a><div class=\"neko-vc_box-image-wrapper medium circle \" style=\"  border-color: transparent;   \" ><img loading=\"lazy\" decoding=\"async\" width=\"120\" height=\"120\" src=\"https:\/\/ordervgco.com\/wp-content\/uploads\/sites\/18\/2017\/06\/camera-150x150.png\" class=\"neko-img-fullwidth\" alt=\"\" \/><\/div><div class=\"neko-vc_box-image-content\"><h3>DESPU\u00c9S DEL D\u00cdA DE LA\u00a0FOTOGRAFIA<\/h3>\n<p><em><strong>\u00a1Vea sus fotos\u00a0y ponga una orden!<\/strong><\/em><\/p>\n<p>&nbsp;<\/p>\n<p>Despu\u00e9s del d\u00eda del la foto puedes seguir el acoplamiento abajo para ver y para ordenar tus fotos.<\/p>\n<p><span style=\"font-size: 9pt; font-family: arial, helvetica, sans-serif;\">(Esta opci\u00f3n s\u00f3lo est\u00e1 disponible despu\u00e9s del d\u00eda de la\u00a0foto)<\/span><\/p>\n<p>&nbsp;<\/p>\n<p>Introduzca su c\u00f3digo de entrada aqu\u00ed<\/p>\n<\/div><\/div><\/div>[\/vc_column][vc_column width=&#8221;1\/3&#8243;]<div  class=\"neko-vc_box-image clearfix   wpb_animate_when_almost_visible wpb_fadeInRight fadeInRight neko-vc_box-image-medium neko-vc_box-image-circle  vc_custom_1496460887786\"><div class=\"neko-vc_box-image_wrapper\"><a class=\"neko-vc_box-image-abslink\" href=\"https:\/\/orders.vangoghco.com\/mvp\" title=\"\"  rel=\"nofollow\"><\/a><div class=\"neko-vc_box-image-wrapper medium circle \" style=\"  border-color: transparent;   \" ><img loading=\"lazy\" decoding=\"async\" width=\"120\" height=\"120\" src=\"https:\/\/ordervgco.com\/wp-content\/uploads\/sites\/18\/2017\/04\/cloudicon-150x150.png\" class=\"neko-img-fullwidth\" alt=\"\" \/><\/div><div class=\"neko-vc_box-image-content\"><h3>MVP DIGITAL DESCARGAR<\/h3>\n<p><em><strong>Obtenga su MVP Descarga Digital!<\/strong><\/em><\/p>\n<p>&nbsp;<\/p>\n<p>Si pag\u00f3 por su descarga y recibi\u00f3 un c\u00f3digo de descarga en su paquete<\/p>\n<p><span style=\"font-size: 9pt; font-family: arial, helvetica, sans-serif;\">(Esta opci\u00f3n s\u00f3lo est\u00e1 disponible despu\u00e9s de la compra)<\/span><\/p>\n<p>&nbsp;<\/p>\n<p>Ingrese su c\u00f3digo MVP aqu\u00ed<\/p>\n<\/div><\/div><\/div>[\/vc_column][\/vc_row]<\/p>\n<\/section>","protected":false},"excerpt":{"rendered":"<p>[vc_row full_width=&#8221;stretch_row_content_no_spaces&#8221; css=&#8221;.vc_custom_1496460656201{padding-top: 100px !important;padding-bottom: 100px !important;background-image: url(https:\/\/multisite.latahosting.com\/ordervgco\/wp-content\/uploads\/sites\/18\/2017\/06\/kidstripe.jpg?id=200) !important;background-position: center !important;background-repeat: no-repeat !important;background-size: cover !important;}&#8221;][vc_column css_animation=&#8221;none&#8221; css=&#8221;.vc_custom_1491274499556{margin: 0px !important;border-width: 0px !important;padding: 0px !important;}&#8221;][\/vc_column][\/vc_row][vc_row full_width=&#8221;stretch_row_content_no_spaces&#8221; css=&#8221;.vc_custom_1491875150934{margin-top: 0px !important;margin-right: 0px !important;margin-bottom: 0px !important;margin-left: 0px !important;border-top-width: 0px !important;border-right-width: 0px !important;border-bottom-width: 0px !important;border-left-width: 0px !important;padding-top: 0px !important;padding-right: 0px !important;padding-bottom: 0px !important;padding-left: 0px !important;background-color: #ffffff !important;}&#8221;][vc_column css=&#8221;.vc_custom_1491850053363{margin: 0px !important;border-width: 0px<\/p>\n","protected":false},"author":1,"featured_media":0,"parent":0,"menu_order":0,"comment_status":"closed","ping_status":"closed","template":"","meta":{"footnotes":""},"class_list":["post-142","page","type-page","status-publish","hentry"],"_links":{"self":[{"href":"https:\/\/ordervgco.com\/es\/wp-json\/wp\/v2\/pages\/142","targetHints":{"allow":["GET"]}}],"collection":[{"href":"https:\/\/ordervgco.com\/es\/wp-json\/wp\/v2\/pages"}],"about":[{"href":"https:\/\/ordervgco.com\/es\/wp-json\/wp\/v2\/types\/page"}],"author":[{"embeddable":true,"href":"https:\/\/ordervgco.com\/es\/wp-json\/wp\/v2\/users\/1"}],"replies":[{"embeddable":true,"href":"https:\/\/ordervgco.com\/es\/wp-json\/wp\/v2\/comments?post=142"}],"version-history":[{"count":0,"href":"https:\/\/ordervgco.com\/es\/wp-json\/wp\/v2\/pages\/142\/revisions"}],"wp:attachment":[{"href":"https:\/\/ordervgco.com\/es\/wp-json\/wp\/v2\/media?parent=142"}],"curies":[{"name":"wp","href":"https:\/\/api.w.org\/{rel}","templated":true}]}}